{"id":4188,"date":"2020-11-25T19:30:50","date_gmt":"2020-11-25T18:30:50","guid":{"rendered":"https:\/\/web.atex.webdistrict.it\/?page_id=4188"},"modified":"2024-08-09T08:56:09","modified_gmt":"2024-08-09T07:56:09","slug":"privacy-policy","status":"publish","type":"page","link":"https:\/\/www.atexsafetyservice.it\/en\/privacy-policy\/","title":{"rendered":"Privacy Policy"},"content":{"rendered":"[vc_row type=&#8221;full_width_background&#8221; full_screen_row_position=&#8221;middle&#8221; column_margin=&#8221;default&#8221; column_direction=&#8221;default&#8221; column_direction_tablet=&#8221;default&#8221; column_direction_phone=&#8221;default&#8221; bg_image=&#8221;3457&#8243; bg_position=&#8221;left center&#8221; bg_repeat=&#8221;no-repeat&#8221; scene_position=&#8221;center&#8221; top_padding=&#8221;100&#8243; bottom_padding=&#8221;100&#8243; text_color=&#8221;dark&#8221; text_align=&#8221;left&#8221; row_border_radius=&#8221;none&#8221; row_border_radius_applies=&#8221;bg&#8221; enable_gradient=&#8221;true&#8221; color_overlay=&#8221;#000000&#8243; color_overlay_2=&#8221;rgba(0,0,0,0.31)&#8221; overlay_strength=&#8221;1&#8243; gradient_direction=&#8221;top_to_bottom&#8221; shape_divider_position=&#8221;bottom&#8221; bg_image_animation=&#8221;none&#8221; shape_type=&#8221;&#8221;][vc_column column_padding=&#8221;no-extra-padding&#8221; column_padding_tablet=&#8221;inherit&#8221; column_padding_phone=&#8221;inherit&#8221; column_padding_position=&#8221;all&#8221; background_color_opacity=&#8221;1&#8243; background_hover_color_opacity=&#8221;1&#8243; column_shadow=&#8221;none&#8221; column_border_radius=&#8221;none&#8221; column_link_target=&#8221;_self&#8221; gradient_direction=&#8221;left_to_right&#8221; overlay_strength=&#8221;0.3&#8243; width=&#8221;1\/1&#8243; tablet_width_inherit=&#8221;default&#8221; tablet_text_alignment=&#8221;default&#8221; phone_text_alignment=&#8221;default&#8221; column_border_width=&#8221;none&#8221; column_border_style=&#8221;solid&#8221; bg_image_animation=&#8221;none&#8221;][\/vc_column][\/vc_row][vc_row type=&#8221;in_container&#8221; full_screen_row_position=&#8221;middle&#8221; column_margin=&#8221;default&#8221; column_direction=&#8221;default&#8221; column_direction_tablet=&#8221;default&#8221; column_direction_phone=&#8221;default&#8221; scene_position=&#8221;center&#8221; top_padding=&#8221;70&#8243; text_color=&#8221;dark&#8221; text_align=&#8221;left&#8221; row_border_radius=&#8221;none&#8221; row_border_radius_applies=&#8221;bg&#8221; overlay_strength=&#8221;0.3&#8243; gradient_direction=&#8221;left_to_right&#8221; shape_divider_position=&#8221;bottom&#8221; bg_image_animation=&#8221;none&#8221; shape_type=&#8221;&#8221;][vc_column column_padding=&#8221;no-extra-padding&#8221; column_padding_tablet=&#8221;inherit&#8221; column_padding_phone=&#8221;inherit&#8221; column_padding_position=&#8221;all&#8221; background_color_opacity=&#8221;1&#8243; background_hover_color_opacity=&#8221;1&#8243; column_shadow=&#8221;none&#8221; column_border_radius=&#8221;none&#8221; column_link_target=&#8221;_self&#8221; gradient_direction=&#8221;left_to_right&#8221; overlay_strength=&#8221;0.3&#8243; width=&#8221;1\/6&#8243; tablet_width_inherit=&#8221;default&#8221; tablet_text_alignment=&#8221;default&#8221; phone_text_alignment=&#8221;default&#8221; column_border_width=&#8221;none&#8221; column_border_style=&#8221;solid&#8221; bg_image_animation=&#8221;none&#8221;][\/vc_column][vc_column column_padding=&#8221;no-extra-padding&#8221; column_padding_tablet=&#8221;inherit&#8221; column_padding_phone=&#8221;inherit&#8221; column_padding_position=&#8221;all&#8221; background_color_opacity=&#8221;1&#8243; background_hover_color_opacity=&#8221;1&#8243; column_shadow=&#8221;none&#8221; column_border_radius=&#8221;none&#8221; column_link_target=&#8221;_self&#8221; gradient_direction=&#8221;left_to_right&#8221; overlay_strength=&#8221;0.3&#8243; width=&#8221;2\/3&#8243; tablet_width_inherit=&#8221;default&#8221; tablet_text_alignment=&#8221;default&#8221; phone_text_alignment=&#8221;default&#8221; column_border_width=&#8221;none&#8221; column_border_style=&#8221;solid&#8221; bg_image_animation=&#8221;none&#8221;][vc_column_text]\n<section>\n<div class=\"main\">\n<div id=\"content\" class=\"content full \">\n<div class=\"container\">\n<h1>Informativa<br \/>\nPrivacy &amp; Cookie Policy<\/h1>\n<h3><u><strong>Informativa Privacy GDPR<\/strong><\/u><\/h3>\n<p>Per approfondire il trattamento dei dati personali secondo il GDPR clicca <a href=\"https:\/\/www.atexsafetyservice.it\/en\/gdpr\/\">qui<\/a><\/p>\n<h3><u><strong>Consenso<\/strong><\/u><\/h3>\n<p>Con l&#8217;uso o la consultazione del presente sito i visitatori e gli utenti approvano esplicitamente la presente privacy policy e acconsentono all&#8217;uso dei loro dati personali in relazione alle modalit\u00e0 e alle finalit\u00e0 qui sotto descritte.<\/p>\n<h3><u><strong>Dati raccolti e finalit\u00e0<\/strong><\/u><\/h3>\n<p>Come tutti i siti web anche il presente sito fa uso di log files nei quali vengono conservate informazioni raccolte in maniera automatizzata durante le visite degli utenti. Le informazioni raccolte possono essere le seguenti:<\/p>\n<ul>\n<li><em>indirizzo internet protocol (IP);<\/em><\/li>\n<li><em>tipo di browser e parametri del dispositivo usato per connettersi al sito;<\/em><\/li>\n<li><em>nome dell&#8217;internet service provider (ISP);<\/em><\/li>\n<li><em>data e orario di visita;<\/em><\/li>\n<li><em>pagina web di provenienza del visitatore (referral) e di uscita;<\/em><\/li>\n<li><em>eventualmente il numero di click.<\/em><\/li>\n<\/ul>\n<p>Le suddette informazioni sono trattate in forma automatizzata e raccolte in forma esclusivamente aggregata al fine di verificare il corretto funzionamento del sito.<\/p>\n<p>Nessuna di queste informazioni \u00e8 correlata alla persona fisica-utente del sito, e non ne consentono in alcun modo l&#8217;identificazione.<\/p>\n<p>A fini di sicurezza (filtri antispam, firewall, rilevazione virus), i dati registrati automaticamente possono eventualmente comprendere anche dati personali come l&#8217;indirizzo Ip, che potrebbe essere utilizzato, conformemente alle leggi vigenti in materia, al fine di bloccare tentativi di danneggiamento al sito medesimo o di recare danno ad altri utenti, o comunque attivit\u00e0 dannose o costituenti reato. Tali dati non sono mai utilizzati per l&#8217;identificazione o la profilazione dell&#8217;utente, ma solo a fini di tutela del sito e dei suoi utenti.<\/p>\n<p>Qualora il sito consenta l&#8217;inserimento di commenti, oppure in caso di specifici servizi richiesti dall&#8217;utente, il sito rileva automaticamente e registra alcuni dati identificativi dell&#8217;utente, compreso l&#8217;indirizzo mail. Tali dati si intendono volontariamente forniti dall&#8217;utente al momento dell&#8217;erogazione del servizio. Inserendo un commento o altra informazione l&#8217;utente accetta espressamente l&#8217;informativa privacy, e in particolare acconsente che i contenuti inseriti siano liberamente diffusi anche a terzi.<br \/>\nI dati ricevuti verranno utilizzati esclusivamente per l&#8217;erogazione del servizio richiesto e per il solo tempo necessario per la fornitura del servizio.<br \/>\nLe informazioni che gli utenti del sito riterranno di rendere pubbliche tramite i servizi e gli strumenti messi a disposizione degli stessi, sono fornite dall&#8217;utente consapevolmente e volontariamente, esentando il presente sito da qualsiasi responsabilit\u00e0 in merito ad eventuali violazioni delle leggi. Spetta all&#8217;utente verificare di avere i permessi per l&#8217;immissione di dati personali di terzi o di contenuti tutelati dalle norme nazionali ed internazionali.<\/p>\n<p>I dati raccolti dal sito durante il suo funzionamento sono utilizzati esclusivamente per le finalit\u00e0 sopra indicate e conservati per il tempo strettamente necessario a svolgere le attivit\u00e0 precisate. In ogni caso i dati rilevati dal sito non saranno forniti mai a terzi, per nessuna ragione, a meno che non si tratti di legittima richiesta da parte dell&#8217;autorit\u00e0 giudiziaria e nei soli casi previsti dalla legge.<br \/>\nTitolare del trattamento: Atex Safety Service Srl Viale S. Maria della Croce, 14\/C\/7, 26013 Crema CR<\/p>\n<h3><u><strong>Informazioni sui cookie<\/strong><\/u><\/h3>\n<p>I cookie sono dei piccoli file di testo che il server invia al computer dell&#8217;utente. Essi possono essere memorizzati sul vostro computer e utilizzati per migliorare e personalizzare la navigazione ma anche per fornire informazioni pertinenti durante le future visualizzazioni del sito.<\/p>\n<p>Utilizzando il sito il visitatore acconsente espressamente all&#8217;uso dei cookies.<\/p>\n<h3><u><strong>Tipologia di cookie<\/strong><\/u><\/h3>\n<p>I cookie utilizzati si distinguono in alcune macro aree di seguito descritte.<\/p>\n<h4><u>Cookie di navigazione<\/u><\/h4>\n<p>Questa tipologia permette di far funzionare correttamente la piattaforma su cui \u00e8 basato il sito. I cookie consentono inoltre di creare un account e effettuare il login. Questi cookie sono necessari per il corretto funzionamento del sito.<\/p>\n<h4><u>Cookie Analitici<\/u><\/h4>\n<p>Questa tipologia di cookie \u00e8 utilizzata da tool di analisi del traffico web, come ad esempio Google Analytics. Consentono di analizzare le modalit\u00e0 di navigazione degli utenti per comprendere la fruizione del sito. I dati di navigazione sono raccolti in forma anonima.<\/p>\n<h4><u>Cookie Social Network per i bottoni di sharing e follow<\/u><\/h4>\n<p>Sono necessari per far funzionare i widget del social network Google+, Twitter, Facebook, Linkedin, Youtube.<\/p>\n<h3><u><strong>Cancellazione cookie<\/strong><\/u><\/h3>\n<p>I browser internet solitamente accettano i cookie in modo automatico, in ogni caso \u00e8 sempre possibile disabilitare questa funzionalit\u00e0 e rimuovere i cookie in qualsiasi momento attraverso le impostazioni del browser.<\/p>\n<p>Occorre tenere presente che la disabilitazione dei cookies potrebbe impedire il corretto utilizzo di alcune funzioni del sito stesso.<\/p>\n<p>Le istruzioni per la disabilitazione dei cookies si trovano alle seguenti pagine web:<\/p>\n<ul>\n<li><strong>Mozilla Firefox<\/strong> <a href=\"http:\/\/support.mozilla.org\/it\/kb\/Attivare%20e%20disattivare%20i%20cookie\" target=\"_blank\" rel=\"noopener noreferrer\">http:\/\/support.mozilla.org\/it\/kb\/Attivare%20e%20disattivare%20i%20cookie<\/a><\/li>\n<li><strong>Windows Internet Explorer<\/strong> <a href=\"http:\/\/windows.microsoft.com\/it-IT\/windows7\/Block-enable-or-allow-cookies\" target=\"_blank\" rel=\"noopener noreferrer\">http:\/\/windows.microsoft.com\/it-IT\/windows7\/Block-enable-or-allow-cookies<\/a><\/li>\n<li><strong>Google Chrome<\/strong> <a href=\"http:\/\/support.google.com\/chrome\/bin\/answer.py?hl=it&amp;answer=95647\" target=\"_blank\" rel=\"noopener noreferrer\">http:\/\/support.google.com\/chrome\/bin\/answer.py?hl=it&amp;answer=95647<\/a><\/li>\n<li><strong>Opera<\/strong> <a href=\"http:\/\/help.opera.com\/Windows\/10.00\/it\/cookies.html\" target=\"_blank\" rel=\"noopener noreferrer\">http:\/\/help.opera.com\/Windows\/10.00\/it\/cookies.html<\/a><\/li>\n<li><strong>Apple Safari<\/strong> <a href=\"https:\/\/support.apple.com\/it-it\/HT201265\" target=\"_blank\" rel=\"noopener noreferrer\">https:\/\/support.apple.com\/it-it\/HT201265<\/a><\/li>\n<\/ul>\n<p>Le modalit\u00e0 differiscono da tipologia e versione di browser, consigliamo quindi di far riferimento al manuale o alla schermata di aiuto specifica del vostro programma.<\/p>\n<p>L&#8217;utente pu\u00f2 disabilitare in modo selettivo l&#8217;azione di Google Analytics installando sul proprio browser l&#8217;apposito componente fornito da Google (opt out).<\/p>\n<p>Per fare l&#8217;opt-out da Google Analytics potete usare questo strumento <a href=\"https:\/\/tools.google.com\/dlpage\/gaoptout\">https:\/\/tools.google.com\/dlpage\/gaoptout<\/a>.<\/p>\n<h3><u><strong>Cookies di terze parti<\/strong><\/u><\/h3>\n<p>Il presente sito funge anche da intermediario per cookies di terze parti, utilizzati per poter fornire ulteriori servizi e funzionalit\u00e0 ai visitatori e per migliorare l&#8217;uso del sito stesso, come i pulsanti per i social.<\/p>\n<p>La presente privacy policy non si applica ai servizi forniti da terze parti, e questo sito non ha alcun controllo sui loro cookies,<br \/>\ninteramente gestiti dalle terze parti. Il contratto di cessione dati avviene direttamente tra l&#8217;utente\/visitatore e le terze parti, per cui<br \/>\nl&#8217;acquisizione del consenso per detti cookie \u00e8, ovviamente, a carico delle terze parti, mentre questo sito non partecipa in alcun modo a tale<br \/>\ncessione.<\/p>\n<p>In conseguenza di ci\u00f2 le informazioni sull&#8217;uso dei detti cookies e sulle finalit\u00e0 degli stessi, nonch\u00e9 sulle modalit\u00e0 per l&#8217;eventuale<br \/>\ndisabilitazione, sono fornite direttamente dalle terze parti alle pagine qui sotto indicate.<\/p>\n<ul>\n<li><strong>Facebook<\/strong> <a href=\"https:\/\/www.facebook.com\/help\/cookies\/\" target=\"_blank\" rel=\"noopener noreferrer\">https:\/\/www.facebook.com\/help\/cookies\/<\/a><\/li>\n<li><strong>Twitter<\/strong> <a href=\"https:\/\/twitter.com\/privacy?lang=en\" target=\"_blank\" rel=\"noopener noreferrer\">https:\/\/twitter.com\/privacy?lang=en<\/a><\/li>\n<li><strong>Youtube<\/strong> <a href=\"https:\/\/www.google.it\/intl\/it\/policies\/privacy\/\" target=\"_blank\" rel=\"noopener noreferrer\">https:\/\/www.google.it\/intl\/it\/policies\/privacy\/<\/a><\/li>\n<li><strong>Google+<\/strong> <a href=\"http:\/\/www.google.com\/policies\/technologies\/types\/\" target=\"_blank\" rel=\"noopener noreferrer\">http:\/\/www.google.com\/policies\/technologies\/types\/<\/a><\/li>\n<li><strong>Vimeo<\/strong> <a href=\"https:\/\/vimeo.com\/cookie_policy\" target=\"_blank\" rel=\"noopener noreferrer\">https:\/\/vimeo.com\/cookie_policy<\/a><\/li>\n<li><strong>LinkedIn<\/strong> <a href=\"https:\/\/www.linkedin.com\/legal\/cookie_policy\" target=\"_blank\" rel=\"noopener noreferrer\">https:\/\/www.linkedin.com\/legal\/cookie_policy<\/a><\/li>\n<\/ul>\n<h3><u><strong>Siti utili<\/strong><\/u><\/h3>\n<p>Per verificare le impostazioni personali attualmente utilizzate si consiglia il seguente link:<br \/>\n<a href=\"http:\/\/www.youronlinechoices.com\">http:\/\/www.youronlinechoices.com<\/a><\/p>\n<p>Per le modalit\u00e0 di gestione dei cookie nei vari browser<br \/>\n<a href=\"http:\/\/www.allaboutcookies.org\/manage-cookies\/\">http:\/\/www.allaboutcookies.org\/manage-cookies\/<\/a><\/p>\n<\/div>\n<\/div>\n<\/div>\n<\/section>\n[\/vc_column_text][\/vc_column][vc_column column_padding=&#8221;no-extra-padding&#8221; column_padding_tablet=&#8221;inherit&#8221; column_padding_phone=&#8221;inherit&#8221; column_padding_position=&#8221;all&#8221; background_color_opacity=&#8221;1&#8243; background_hover_color_opacity=&#8221;1&#8243; column_shadow=&#8221;none&#8221; column_border_radius=&#8221;none&#8221; column_link_target=&#8221;_self&#8221; gradient_direction=&#8221;left_to_right&#8221; overlay_strength=&#8221;0.3&#8243; width=&#8221;1\/6&#8243; tablet_width_inherit=&#8221;default&#8221; tablet_text_alignment=&#8221;default&#8221; phone_text_alignment=&#8221;default&#8221; column_border_width=&#8221;none&#8221; column_border_style=&#8221;solid&#8221; bg_image_animation=&#8221;none&#8221;][\/vc_column][\/vc_row]\n","protected":false},"excerpt":{"rendered":"<p>[vc_row type=&#8221;full_width_background&#8221; full_screen_row_position=&#8221;middle&#8221; column_margin=&#8221;default&#8221; column_direction=&#8221;default&#8221; column_direction_tablet=&#8221;default&#8221; column_direction_phone=&#8221;default&#8221; bg_image=&#8221;3457&#8243; bg_position=&#8221;left center&#8221; bg_repeat=&#8221;no-repeat&#8221; scene_position=&#8221;center&#8221; top_padding=&#8221;100&#8243; bottom_padding=&#8221;100&#8243; text_color=&#8221;dark&#8221; text_align=&#8221;left&#8221; row_border_radius=&#8221;none&#8221; row_border_radius_applies=&#8221;bg&#8221; enable_gradient=&#8221;true&#8221; color_overlay=&#8221;#000000&#8243; color_overlay_2=&#8221;rgba(0,0,0,0.31)&#8221; overlay_strength=&#8221;1&#8243; gradient_direction=&#8221;top_to_bottom&#8221; shape_divider_position=&#8221;bottom&#8221; bg_image_animation=&#8221;none&#8221; shape_type=&#8221;&#8221;][vc_column column_padding=&#8221;no-extra-padding&#8221; column_padding_tablet=&#8221;inherit&#8221; column_padding_phone=&#8221;inherit&#8221; column_padding_position=&#8221;all&#8221;&#8230;<\/p>\n","protected":false},"author":1,"featured_media":0,"parent":0,"menu_order":0,"comment_status":"closed","ping_status":"closed","template":"","meta":{"inline_featured_image":false,"footnotes":""},"class_list":["post-4188","page","type-page","status-publish"],"_links":{"self":[{"href":"https:\/\/www.atexsafetyservice.it\/en\/wp-json\/wp\/v2\/pages\/4188","targetHints":{"allow":["GET"]}}],"collection":[{"href":"https:\/\/www.atexsafetyservice.it\/en\/wp-json\/wp\/v2\/pages"}],"about":[{"href":"https:\/\/www.atexsafetyservice.it\/en\/wp-json\/wp\/v2\/types\/page"}],"author":[{"embeddable":true,"href":"https:\/\/www.atexsafetyservice.it\/en\/wp-json\/wp\/v2\/users\/1"}],"replies":[{"embeddable":true,"href":"https:\/\/www.atexsafetyservice.it\/en\/wp-json\/wp\/v2\/comments?post=4188"}],"version-history":[{"count":3,"href":"https:\/\/www.atexsafetyservice.it\/en\/wp-json\/wp\/v2\/pages\/4188\/revisions"}],"predecessor-version":[{"id":5504,"href":"https:\/\/www.atexsafetyservice.it\/en\/wp-json\/wp\/v2\/pages\/4188\/revisions\/5504"}],"wp:attachment":[{"href":"https:\/\/www.atexsafetyservice.it\/en\/wp-json\/wp\/v2\/media?parent=4188"}],"curies":[{"name":"wp","href":"https:\/\/api.w.org\/{rel}","templated":true}]}}